{"id":96,"date":"2020-03-25T10:29:48","date_gmt":"2020-03-25T10:29:48","guid":{"rendered":"https:\/\/emphires-demo.creativesplanet.com\/demo2\/jobs\/"},"modified":"2020-03-25T10:29:48","modified_gmt":"2020-03-25T10:29:48","slug":"jobs","status":"publish","type":"page","link":"https:\/\/bridge4talents.de\/?page_id=96","title":{"rendered":"Jobs"},"content":{"rendered":"\t\t<div data-elementor-type=\"wp-page\" data-elementor-id=\"96\" class=\"elementor elementor-96\">\n\t\t\t\t\t\t<div class=\"elementor-section elementor-top-section elementor-element elementor-element-36cf768 cspt-bg-color-yes cspt-elementor-bg-color-white elementor-section-stretched cspt-col-stretched-none cspt-bg-color-over-image elementor-section-boxed elementor-section-height-default elementor-section-height-default\" data-id=\"36cf768\" data-element_type=\"section\" data-settings=\"{&quot;stretch_section&quot;:&quot;section-stretched&quot;}\">\n\t\t\t\t\t\t<div class=\"elementor-container elementor-column-gap-no\">\n\t\t\t\t\t<div class=\"elementor-column elementor-col-100 elementor-top-column elementor-element elementor-element-de04a8b cspt-bg-color-over-image\" data-id=\"de04a8b\" data-element_type=\"column\">\n\t\t\t<div class=\"elementor-widget-wrap elementor-element-populated\">\n\t\t\t\t\t\t<div class=\"elementor-element elementor-element-780d5f2 elementor-widget elementor-widget-text-editor\" data-id=\"780d5f2\" data-element_type=\"widget\" data-widget_type=\"text-editor.default\">\n\t\t\t\t<div class=\"elementor-widget-container\">\n\t\t\t\t\t\t\t<div class=\"job_listings\" data-location=\"\" data-keywords=\"\" data-show_filters=\"true\" data-show_pagination=\"false\" data-per_page=\"10\" data-orderby=\"featured\" data-order=\"DESC\" data-categories=\"\" data-disable-form-state-storage=\"\" data-featured_first=\"false\" data-post_id=\"96\" >\n<form class=\"job_filters\">\n\t\n\t<div class=\"search_jobs\">\n\t\t\n\t\t<div class=\"search_keywords\">\n\t\t\t<label for=\"search_keywords\">Stichw\u00f6rter<\/label>\n\t\t\t<input type=\"text\" name=\"search_keywords\" id=\"search_keywords\" placeholder=\"Stichw\u00f6rter\" value=\"\" \/>\n\t\t<\/div>\n\n\t\t<div class=\"search_location\">\n\t\t\t<label for=\"search_location\">Arbeitsort<\/label>\n\t\t\t<input type=\"text\" name=\"search_location\" id=\"search_location\" placeholder=\"Arbeitsort\" value=\"\" \/>\n\t\t<\/div>\n\n\t\t\t\t\t<div class=\"search_remote_position\">\n\t\t\t\t<input type=\"checkbox\" class=\"input-checkbox\" name=\"remote_position\" id=\"remote_position\" placeholder=\"Arbeitsort\" value=\"1\"  \/>\n\t\t\t\t<label for=\"remote_position\" id=\"remote_position_label\">Nur Remote Postionen<\/label>\n\t\t\t<\/div>\n\t\t\n\t\t<div style=\"clear: both\"><\/div>\n\n\t\t\n\t\t\t\t\t<div class=\"search_submit\">\n\t\t\t\t<input type=\"submit\" value=\"Jobs finden\">\n\t\t\t<\/div>\n\t\t\n\t\t\t<\/div>\n\n\t\t<ul class=\"job_types\">\n\t\t\t\t\t<li><label for=\"job_type_aushilfe\" class=\"aushilfe\"><input type=\"checkbox\" name=\"filter_job_type[]\" value=\"aushilfe\"  checked='checked' id=\"job_type_aushilfe\" \/> Aushilfe<\/label><\/li>\n\t\t\t\t\t<li><label for=\"job_type_freelance\" class=\"freelance\"><input type=\"checkbox\" name=\"filter_job_type[]\" value=\"freelance\"  checked='checked' id=\"job_type_freelance\" \/> Freelance<\/label><\/li>\n\t\t\t\t\t<li><label for=\"job_type_praktikum\" class=\"praktikum\"><input type=\"checkbox\" name=\"filter_job_type[]\" value=\"praktikum\"  checked='checked' id=\"job_type_praktikum\" \/> Praktikum<\/label><\/li>\n\t\t\t\t\t<li><label for=\"job_type_student\" class=\"student\"><input type=\"checkbox\" name=\"filter_job_type[]\" value=\"student\"  checked='checked' id=\"job_type_student\" \/> Student<\/label><\/li>\n\t\t\t\t\t<li><label for=\"job_type_teilzeit\" class=\"teilzeit\"><input type=\"checkbox\" name=\"filter_job_type[]\" value=\"teilzeit\"  checked='checked' id=\"job_type_teilzeit\" \/> Teilzeit<\/label><\/li>\n\t\t\t\t\t<li><label for=\"job_type_vollzeit\" class=\"vollzeit\"><input type=\"checkbox\" name=\"filter_job_type[]\" value=\"vollzeit\"  checked='checked' id=\"job_type_vollzeit\" \/> Vollzeit<\/label><\/li>\n\t\t\t<\/ul>\n\t<input type=\"hidden\" name=\"filter_job_type[]\" value=\"\" \/>\n<div class=\"showing_jobs\"><\/div><\/form>\n\n\n<noscript>Dein Browser unterst\u00fctzt kein JavaScript oder es ist deaktiviert. JavaScript muss aktiviert sein, um Eintr\u00e4ge zu sehen.<\/noscript>\n<ul class=\"job_listings\">\n<\/ul>\n<a class=\"load_more_jobs\" href=\"#\" style=\"display:none;\"><strong>Weitere Jobangebote laden<\/strong><\/a><\/div>\t\t\t\t\t\t<\/div>\n\t\t\t\t<\/div>\n\t\t\t\t\t<\/div>\n\t\t<\/div>\n\t\t\t\t\t<\/div>\n\t\t<\/div>\n\t\t\t\t<\/div>\n\t\t","protected":false},"excerpt":{"rendered":"Stichw\u00f6rter Arbeitsort Nur Remote Postionen Aushilfe Freelance Praktikum Student Teilzeit Vollzeit Dein Browser unterst\u00fctzt kein JavaScript oder es ist deaktiviert. JavaScript muss aktiviert sein, um Eintr\u00e4ge zu sehen. Weitere Jobangebote laden","protected":false},"author":1,"featured_media":0,"parent":0,"menu_order":19,"comment_status":"closed","ping_status":"closed","template":"","meta":{"_acf_changed":false,"footnotes":""},"class_list":["post-96","page","type-page","status-publish","hentry"],"acf":[],"_links":{"self":[{"href":"https:\/\/bridge4talents.de\/index.php?rest_route=\/wp\/v2\/pages\/96","targetHints":{"allow":["GET"]}}],"collection":[{"href":"https:\/\/bridge4talents.de\/index.php?rest_route=\/wp\/v2\/pages"}],"about":[{"href":"https:\/\/bridge4talents.de\/index.php?rest_route=\/wp\/v2\/types\/page"}],"author":[{"embeddable":true,"href":"https:\/\/bridge4talents.de\/index.php?rest_route=\/wp\/v2\/users\/1"}],"replies":[{"embeddable":true,"href":"https:\/\/bridge4talents.de\/index.php?rest_route=%2Fwp%2Fv2%2Fcomments&post=96"}],"version-history":[{"count":0,"href":"https:\/\/bridge4talents.de\/index.php?rest_route=\/wp\/v2\/pages\/96\/revisions"}],"wp:attachment":[{"href":"https:\/\/bridge4talents.de\/index.php?rest_route=%2Fwp%2Fv2%2Fmedia&parent=96"}],"curies":[{"name":"wp","href":"https:\/\/api.w.org\/{rel}","templated":true}]}}