{"id":106,"date":"2019-06-18T06:15:17","date_gmt":"2019-06-18T06:15:17","guid":{"rendered":"https:\/\/emphires-demo.pbminfotech.com\/nutrition\/?page_id=10399"},"modified":"2019-06-18T06:15:17","modified_gmt":"2019-06-18T06:15:17","slug":"blog-grid-view","status":"publish","type":"page","link":"https:\/\/bridge4talents.de\/?page_id=106","title":{"rendered":"Blog Grid View"},"content":{"rendered":"\t\t<div data-elementor-type=\"wp-page\" data-elementor-id=\"106\" class=\"elementor elementor-106\">\n\t\t\t\t\t\t<div class=\"elementor-section elementor-top-section elementor-element elementor-element-5a66c86 cspt-bg-color-yes cspt-elementor-bg-color-white elementor-section-stretched cspt-col-stretched-none cspt-bg-color-over-image elementor-section-boxed elementor-section-height-default elementor-section-height-default\" data-id=\"5a66c86\" data-element_type=\"section\" data-settings=\"{&quot;stretch_section&quot;:&quot;section-stretched&quot;}\">\n\t\t\t\t\t\t<div class=\"elementor-container elementor-column-gap-no\">\n\t\t\t\t\t<div class=\"elementor-column elementor-col-100 elementor-top-column elementor-element elementor-element-b6ed453 cspt-bg-color-over-image\" data-id=\"b6ed453\" data-element_type=\"column\">\n\t\t\t<div class=\"elementor-widget-wrap elementor-element-populated\">\n\t\t\t\t\t\t<div class=\"elementor-element elementor-element-a59f209 elementor-widget elementor-widget-cspt_blog_element\" data-id=\"a59f209\" data-element_type=\"widget\" data-widget_type=\"cspt_blog_element.default\">\n\t\t\t\t<div class=\"elementor-widget-container\">\n\t\t\t\r\n\t\t<div class=\"creativesplanet-element creativesplanet-element-blog cspt-element-blog-style-1 creativesplanet-element-viewtype-row-column creativesplanet-gap-30px\" data-show=\"9\" data-columns=\"3\" data-loop=\"false\" data-autoplay=\"false\" data-center=\"false\" data-nav=\"false\" data-dots=\"false\" data-autoplayspeed=\"1000\" data-margin=\"30px\" data-show-portion=\"false\"><div class=\"creativesplanet-element-inner\">\r\n\t\t\r\n\t\t\t<div class=\"cspt-ele-header-area\">\r\n\t\t\t\t\t<div class=\"cspt-heading-subheading left-align \"><\/div>\r\n\t\t\t\t\t\t\t\t\r\n\t\t\t<\/div>\r\n\r\n\t\t\t<div class=\"cspt-element-posts-wrapper row multi-columns-row\">\r\n\r\n\t\t\t<div class=\"cspt-ele cspt-blog-ele col-md-4 leistunge cspt-term-37\"><article class=\"creativesplanet-ele creativesplanet-ele-blog cspt-blogbox-style-1 post-386 post type-post status-publish format-standard hentry category-leistunge\">\r\n\t<div class=\"post-item\">\r\n\t\t<div class=\"cspt-featured-container\">\r\n\t\t\t\t\t\t<div class=\"cspt-meta-date\">24<span>Sep.<\/span><\/div>\t \t\t\t\r\n\t\t<\/div>\r\n\t\t<div class=\"creativesplanet-box-content\">\t\r\n\t\t\t<div class=\"cspt-meta-container\">\r\n\t\t\t\t<div class=\"cspt-meta-author-wrapper cspt-meta-line\">\t\t\t\t\t\r\n\t\t\t\t\t<a href=\"https:\/\/bridge4talents.de\/?author=1\" title=\"Posted by admin\" rel=\"author\"><i class=\"cspt-base-icon-user-1\"><\/i> by admin<\/a>\r\n\t\t\t\t<\/div>\r\n\t\t\t\t<div class=\"cspt-meta-date-wrapper cspt-meta-line\">\t\t\t\t\t\r\n\t\t\t\t\t<div class=\"cspt-meta-category\"><i class=\"cspt-base-icon-folder-open-empty\"><\/i> <a href=\"https:\/\/bridge4talents.de\/?cat=37\" rel=\"category\">Leistungen<\/a><\/div>\t\r\n\t\t\t\t<\/div>\t\t\t\t\r\n\t\t\t\t<div class=\"cspt-meta-date-wrapper cspt-meta-line\">\t\r\n\t\t\t\t\t<i class=\"cspt-base-icon-comment-empty\"><\/i> <span class=\"cspt-meta cspt-meta-comments\">0<\/span>\r\n\t\t\t\t<\/div>\r\n\t\t\t\t\t\t\t\t\r\n\t\t\t\t\t\t\t<\/div>\r\n\t\t\t<h3 class=\"cspt-post-title\"><a href=\"https:\/\/bridge4talents.de\/?p=386\">Bildungsverifikationsdienste<\/a><\/h3>\r\n\t\t\t<div class=\"creativesplanet-box-desc\">\r\n\t\t\t\t<div class=\"creativesplanet-box-desc-text\">\r\n\t\t\t\t\tBildungsverifikationsdienste Der Bildungsweg eines Kandidaten ist einer der ersten wesentlichen Indikatoren daf\u00fcr, ob erf\u00fcr die angestrebte Position qualifiziert ist. Oftmals vermittelt dieser Hintergrund ein klaresBild \u00fcber die fachliche Eignung und&hellip;\t\t\t\t\t\r\n\t\t\t\t<\/div>\t\t\r\n\t\t\t\t<div class=\"cspt-read-more-link\"><a href=\"https:\/\/bridge4talents.de\/?p=386\" title=\"Bildungsverifikationsdienste\"><span>Read More<\/span><\/a><\/div>\t\r\n\t\t\t<\/div>\r\n\t\t<\/div>\r\n\t<\/div>\r\n<\/article><\/div><div class=\"cspt-ele cspt-blog-ele col-md-4 uncategorized cspt-term-1\"><article class=\"creativesplanet-ele creativesplanet-ele-blog cspt-blogbox-style-1 post-1 post type-post status-publish format-standard hentry category-uncategorized\">\r\n\t<div class=\"post-item\">\r\n\t\t<div class=\"cspt-featured-container\">\r\n\t\t\t\t\t\t<div class=\"cspt-meta-date\">02<span>Sep.<\/span><\/div>\t \t\t\t\r\n\t\t<\/div>\r\n\t\t<div class=\"creativesplanet-box-content\">\t\r\n\t\t\t<div class=\"cspt-meta-container\">\r\n\t\t\t\t<div class=\"cspt-meta-author-wrapper cspt-meta-line\">\t\t\t\t\t\r\n\t\t\t\t\t<a href=\"https:\/\/bridge4talents.de\/?author=1\" title=\"Posted by admin\" rel=\"author\"><i class=\"cspt-base-icon-user-1\"><\/i> by admin<\/a>\r\n\t\t\t\t<\/div>\r\n\t\t\t\t<div class=\"cspt-meta-date-wrapper cspt-meta-line\">\t\t\t\t\t\r\n\t\t\t\t\t<div class=\"cspt-meta-category\"><i class=\"cspt-base-icon-folder-open-empty\"><\/i> <a href=\"https:\/\/bridge4talents.de\/?cat=1\" rel=\"category\">Uncategorized<\/a><\/div>\t\r\n\t\t\t\t<\/div>\t\t\t\t\r\n\t\t\t\t<div class=\"cspt-meta-date-wrapper cspt-meta-line\">\t\r\n\t\t\t\t\t<i class=\"cspt-base-icon-comment-empty\"><\/i> <span class=\"cspt-meta cspt-meta-comments\">1<\/span>\r\n\t\t\t\t<\/div>\r\n\t\t\t\t\t\t\t\t\r\n\t\t\t\t\t\t\t<\/div>\r\n\t\t\t<h3 class=\"cspt-post-title\"><a href=\"https:\/\/bridge4talents.de\/?p=1\">Hello world!<\/a><\/h3>\r\n\t\t\t<div class=\"creativesplanet-box-desc\">\r\n\t\t\t\t<div class=\"creativesplanet-box-desc-text\">\r\n\t\t\t\t\tWelcome to WordPress. This is your first post. Edit or delete it, then start writing!\t\t\t\t\t\r\n\t\t\t\t<\/div>\t\t\r\n\t\t\t\t<div class=\"cspt-read-more-link\"><a href=\"https:\/\/bridge4talents.de\/?p=1\" title=\"Hello world!\"><span>Read More<\/span><\/a><\/div>\t\r\n\t\t\t<\/div>\r\n\t\t<\/div>\r\n\t<\/div>\r\n<\/article><\/div><div class=\"cspt-ele cspt-blog-ele col-md-4 consultation cspt-term-7\"><article class=\"creativesplanet-ele creativesplanet-ele-blog cspt-blogbox-style-1 post-70 post type-post status-publish format-standard has-post-thumbnail hentry category-consultation tag-startup\">\r\n\t<div class=\"post-item\">\r\n\t\t<div class=\"cspt-featured-container\">\r\n\t\t\t<div class=\"cspt-featured-wrapper\"><a href=\"https:\/\/bridge4talents.de\/?p=70\"><img fetchpriority=\"high\" decoding=\"async\" width=\"770\" height=\"500\" src=\"https:\/\/bridge4talents.de\/wp-content\/uploads\/2020\/07\/img-01-770x500.jpg\" class=\"attachment-cspt-img-770x500 size-cspt-img-770x500 wp-post-image\" alt=\"\" data-id=\"58\" \/><\/a><\/div>\t\t\t<div class=\"cspt-meta-date\">04<span>Juli<\/span><\/div>\t \t\t\t\r\n\t\t<\/div>\r\n\t\t<div class=\"creativesplanet-box-content\">\t\r\n\t\t\t<div class=\"cspt-meta-container\">\r\n\t\t\t\t<div class=\"cspt-meta-author-wrapper cspt-meta-line\">\t\t\t\t\t\r\n\t\t\t\t\t<a href=\"https:\/\/bridge4talents.de\/?author=1\" title=\"Posted by admin\" rel=\"author\"><i class=\"cspt-base-icon-user-1\"><\/i> by admin<\/a>\r\n\t\t\t\t<\/div>\r\n\t\t\t\t<div class=\"cspt-meta-date-wrapper cspt-meta-line\">\t\t\t\t\t\r\n\t\t\t\t\t<div class=\"cspt-meta-category\"><i class=\"cspt-base-icon-folder-open-empty\"><\/i> <a href=\"https:\/\/bridge4talents.de\/?cat=7\" rel=\"category\">Consultation<\/a><\/div>\t\r\n\t\t\t\t<\/div>\t\t\t\t\r\n\t\t\t\t<div class=\"cspt-meta-date-wrapper cspt-meta-line\">\t\r\n\t\t\t\t\t<i class=\"cspt-base-icon-comment-empty\"><\/i> <span class=\"cspt-meta cspt-meta-comments\">0<\/span>\r\n\t\t\t\t<\/div>\r\n\t\t\t\t\t\t\t\t\r\n\t\t\t\t\t\t\t<\/div>\r\n\t\t\t<h3 class=\"cspt-post-title\"><a href=\"https:\/\/bridge4talents.de\/?p=70\">Best Service provides for Small Businesses<\/a><\/h3>\r\n\t\t\t<div class=\"creativesplanet-box-desc\">\r\n\t\t\t\t<div class=\"creativesplanet-box-desc-text\">\r\n\t\t\t\t\tThere are full service engage company is to provide solution for employees needs training manage the entire HR department for companies. We offer comprehensive employment services such as assistance\t\t\t\t\t\r\n\t\t\t\t<\/div>\t\t\r\n\t\t\t\t<div class=\"cspt-read-more-link\"><a href=\"https:\/\/bridge4talents.de\/?p=70\" title=\"Best Service provides for Small Businesses\"><span>Read More<\/span><\/a><\/div>\t\r\n\t\t\t<\/div>\r\n\t\t<\/div>\r\n\t<\/div>\r\n<\/article><\/div><div class=\"cspt-ele cspt-blog-ele col-md-4 franchising cspt-term-9\"><article class=\"creativesplanet-ele creativesplanet-ele-blog cspt-blogbox-style-1 post-71 post type-post status-publish format-standard has-post-thumbnail hentry category-franchising tag-technics\">\r\n\t<div class=\"post-item\">\r\n\t\t<div class=\"cspt-featured-container\">\r\n\t\t\t<div class=\"cspt-featured-wrapper\"><a href=\"https:\/\/bridge4talents.de\/?p=71\"><img fetchpriority=\"high\" decoding=\"async\" width=\"770\" height=\"500\" src=\"https:\/\/bridge4talents.de\/wp-content\/uploads\/2020\/07\/img-01-770x500.jpg\" class=\"attachment-cspt-img-770x500 size-cspt-img-770x500 wp-post-image\" alt=\"\" data-id=\"58\" \/><\/a><\/div>\t\t\t<div class=\"cspt-meta-date\">04<span>Juli<\/span><\/div>\t \t\t\t\r\n\t\t<\/div>\r\n\t\t<div class=\"creativesplanet-box-content\">\t\r\n\t\t\t<div class=\"cspt-meta-container\">\r\n\t\t\t\t<div class=\"cspt-meta-author-wrapper cspt-meta-line\">\t\t\t\t\t\r\n\t\t\t\t\t<a href=\"https:\/\/bridge4talents.de\/?author=1\" title=\"Posted by admin\" rel=\"author\"><i class=\"cspt-base-icon-user-1\"><\/i> by admin<\/a>\r\n\t\t\t\t<\/div>\r\n\t\t\t\t<div class=\"cspt-meta-date-wrapper cspt-meta-line\">\t\t\t\t\t\r\n\t\t\t\t\t<div class=\"cspt-meta-category\"><i class=\"cspt-base-icon-folder-open-empty\"><\/i> <a href=\"https:\/\/bridge4talents.de\/?cat=9\" rel=\"category\">Franchising<\/a><\/div>\t\r\n\t\t\t\t<\/div>\t\t\t\t\r\n\t\t\t\t<div class=\"cspt-meta-date-wrapper cspt-meta-line\">\t\r\n\t\t\t\t\t<i class=\"cspt-base-icon-comment-empty\"><\/i> <span class=\"cspt-meta cspt-meta-comments\">0<\/span>\r\n\t\t\t\t<\/div>\r\n\t\t\t\t\t\t\t\t\r\n\t\t\t\t\t\t\t<\/div>\r\n\t\t\t<h3 class=\"cspt-post-title\"><a href=\"https:\/\/bridge4talents.de\/?p=71\">Guide to HR adviser and Clients lessening<\/a><\/h3>\r\n\t\t\t<div class=\"creativesplanet-box-desc\">\r\n\t\t\t\t<div class=\"creativesplanet-box-desc-text\">\r\n\t\t\t\t\tThere are full service engage company is to provide solution for employees needs training manage the entire HR department for companies. We offer comprehensive employment services such as assistance\t\t\t\t\t\r\n\t\t\t\t<\/div>\t\t\r\n\t\t\t\t<div class=\"cspt-read-more-link\"><a href=\"https:\/\/bridge4talents.de\/?p=71\" title=\"Guide to HR adviser and Clients lessening\"><span>Read More<\/span><\/a><\/div>\t\r\n\t\t\t<\/div>\r\n\t\t<\/div>\r\n\t<\/div>\r\n<\/article><\/div><div class=\"cspt-ele cspt-blog-ele col-md-4 leadership cspt-term-11\"><article class=\"creativesplanet-ele creativesplanet-ele-blog cspt-blogbox-style-1 post-72 post type-post status-publish format-standard has-post-thumbnail hentry category-leadership tag-startup\">\r\n\t<div class=\"post-item\">\r\n\t\t<div class=\"cspt-featured-container\">\r\n\t\t\t<div class=\"cspt-featured-wrapper\"><a href=\"https:\/\/bridge4talents.de\/?p=72\"><img fetchpriority=\"high\" decoding=\"async\" width=\"770\" height=\"500\" src=\"https:\/\/bridge4talents.de\/wp-content\/uploads\/2020\/07\/img-01-770x500.jpg\" class=\"attachment-cspt-img-770x500 size-cspt-img-770x500 wp-post-image\" alt=\"\" data-id=\"58\" \/><\/a><\/div>\t\t\t<div class=\"cspt-meta-date\">04<span>Juli<\/span><\/div>\t \t\t\t\r\n\t\t<\/div>\r\n\t\t<div class=\"creativesplanet-box-content\">\t\r\n\t\t\t<div class=\"cspt-meta-container\">\r\n\t\t\t\t<div class=\"cspt-meta-author-wrapper cspt-meta-line\">\t\t\t\t\t\r\n\t\t\t\t\t<a href=\"https:\/\/bridge4talents.de\/?author=1\" title=\"Posted by admin\" rel=\"author\"><i class=\"cspt-base-icon-user-1\"><\/i> by admin<\/a>\r\n\t\t\t\t<\/div>\r\n\t\t\t\t<div class=\"cspt-meta-date-wrapper cspt-meta-line\">\t\t\t\t\t\r\n\t\t\t\t\t<div class=\"cspt-meta-category\"><i class=\"cspt-base-icon-folder-open-empty\"><\/i> <a href=\"https:\/\/bridge4talents.de\/?cat=11\" rel=\"category\">Leadership<\/a><\/div>\t\r\n\t\t\t\t<\/div>\t\t\t\t\r\n\t\t\t\t<div class=\"cspt-meta-date-wrapper cspt-meta-line\">\t\r\n\t\t\t\t\t<i class=\"cspt-base-icon-comment-empty\"><\/i> <span class=\"cspt-meta cspt-meta-comments\">0<\/span>\r\n\t\t\t\t<\/div>\r\n\t\t\t\t\t\t\t\t\r\n\t\t\t\t\t\t\t<\/div>\r\n\t\t\t<h3 class=\"cspt-post-title\"><a href=\"https:\/\/bridge4talents.de\/?p=72\">The Pros of Outsourcing your HR Department<\/a><\/h3>\r\n\t\t\t<div class=\"creativesplanet-box-desc\">\r\n\t\t\t\t<div class=\"creativesplanet-box-desc-text\">\r\n\t\t\t\t\tThere are full service engage company is to provide solution for employees needs training manage the entire HR department for companies. We offer comprehensive employment services such as assistance\t\t\t\t\t\r\n\t\t\t\t<\/div>\t\t\r\n\t\t\t\t<div class=\"cspt-read-more-link\"><a href=\"https:\/\/bridge4talents.de\/?p=72\" title=\"The Pros of Outsourcing your HR Department\"><span>Read More<\/span><\/a><\/div>\t\r\n\t\t\t<\/div>\r\n\t\t<\/div>\r\n\t<\/div>\r\n<\/article><\/div><div class=\"cspt-ele cspt-blog-ele col-md-4 entrepreneurs cspt-term-12\"><article class=\"creativesplanet-ele creativesplanet-ele-blog cspt-blogbox-style-1 post-73 post type-post status-publish format-standard has-post-thumbnail hentry category-entrepreneurs tag-startup\">\r\n\t<div class=\"post-item\">\r\n\t\t<div class=\"cspt-featured-container\">\r\n\t\t\t<div class=\"cspt-featured-wrapper\"><a href=\"https:\/\/bridge4talents.de\/?p=73\"><img fetchpriority=\"high\" decoding=\"async\" width=\"770\" height=\"500\" src=\"https:\/\/bridge4talents.de\/wp-content\/uploads\/2020\/07\/img-01-770x500.jpg\" class=\"attachment-cspt-img-770x500 size-cspt-img-770x500 wp-post-image\" alt=\"\" data-id=\"58\" \/><\/a><\/div>\t\t\t<div class=\"cspt-meta-date\">29<span>Juni<\/span><\/div>\t \t\t\t\r\n\t\t<\/div>\r\n\t\t<div class=\"creativesplanet-box-content\">\t\r\n\t\t\t<div class=\"cspt-meta-container\">\r\n\t\t\t\t<div class=\"cspt-meta-author-wrapper cspt-meta-line\">\t\t\t\t\t\r\n\t\t\t\t\t<a href=\"https:\/\/bridge4talents.de\/?author=1\" title=\"Posted by admin\" rel=\"author\"><i class=\"cspt-base-icon-user-1\"><\/i> by admin<\/a>\r\n\t\t\t\t<\/div>\r\n\t\t\t\t<div class=\"cspt-meta-date-wrapper cspt-meta-line\">\t\t\t\t\t\r\n\t\t\t\t\t<div class=\"cspt-meta-category\"><i class=\"cspt-base-icon-folder-open-empty\"><\/i> <a href=\"https:\/\/bridge4talents.de\/?cat=12\" rel=\"category\">Entrepreneurs<\/a><\/div>\t\r\n\t\t\t\t<\/div>\t\t\t\t\r\n\t\t\t\t<div class=\"cspt-meta-date-wrapper cspt-meta-line\">\t\r\n\t\t\t\t\t<i class=\"cspt-base-icon-comment-empty\"><\/i> <span class=\"cspt-meta cspt-meta-comments\">0<\/span>\r\n\t\t\t\t<\/div>\r\n\t\t\t\t\t\t\t\t\r\n\t\t\t\t\t\t\t<\/div>\r\n\t\t\t<h3 class=\"cspt-post-title\"><a href=\"https:\/\/bridge4talents.de\/?p=73\">Our strength Proper Business in your Path<\/a><\/h3>\r\n\t\t\t<div class=\"creativesplanet-box-desc\">\r\n\t\t\t\t<div class=\"creativesplanet-box-desc-text\">\r\n\t\t\t\t\tThere are full service engage company is to provide solution for employees needs training manage the entire HR department for companies. We offer comprehensive employment services such as assistance\t\t\t\t\t\r\n\t\t\t\t<\/div>\t\t\r\n\t\t\t\t<div class=\"cspt-read-more-link\"><a href=\"https:\/\/bridge4talents.de\/?p=73\" title=\"Our strength Proper Business in your Path\"><span>Read More<\/span><\/a><\/div>\t\r\n\t\t\t<\/div>\r\n\t\t<\/div>\r\n\t<\/div>\r\n<\/article><\/div><div class=\"cspt-ele cspt-blog-ele col-md-4 consultation cspt-term-7\"><article class=\"creativesplanet-ele creativesplanet-ele-blog cspt-blogbox-style-1 post-74 post type-post status-publish format-standard has-post-thumbnail hentry category-consultation tag-branding\">\r\n\t<div class=\"post-item\">\r\n\t\t<div class=\"cspt-featured-container\">\r\n\t\t\t<div class=\"cspt-featured-wrapper\"><a href=\"https:\/\/bridge4talents.de\/?p=74\"><img fetchpriority=\"high\" decoding=\"async\" width=\"770\" height=\"500\" src=\"https:\/\/bridge4talents.de\/wp-content\/uploads\/2020\/07\/img-01-770x500.jpg\" class=\"attachment-cspt-img-770x500 size-cspt-img-770x500 wp-post-image\" alt=\"\" data-id=\"58\" \/><\/a><\/div>\t\t\t<div class=\"cspt-meta-date\">18<span>Juni<\/span><\/div>\t \t\t\t\r\n\t\t<\/div>\r\n\t\t<div class=\"creativesplanet-box-content\">\t\r\n\t\t\t<div class=\"cspt-meta-container\">\r\n\t\t\t\t<div class=\"cspt-meta-author-wrapper cspt-meta-line\">\t\t\t\t\t\r\n\t\t\t\t\t<a href=\"https:\/\/bridge4talents.de\/?author=1\" title=\"Posted by admin\" rel=\"author\"><i class=\"cspt-base-icon-user-1\"><\/i> by admin<\/a>\r\n\t\t\t\t<\/div>\r\n\t\t\t\t<div class=\"cspt-meta-date-wrapper cspt-meta-line\">\t\t\t\t\t\r\n\t\t\t\t\t<div class=\"cspt-meta-category\"><i class=\"cspt-base-icon-folder-open-empty\"><\/i> <a href=\"https:\/\/bridge4talents.de\/?cat=7\" rel=\"category\">Consultation<\/a><\/div>\t\r\n\t\t\t\t<\/div>\t\t\t\t\r\n\t\t\t\t<div class=\"cspt-meta-date-wrapper cspt-meta-line\">\t\r\n\t\t\t\t\t<i class=\"cspt-base-icon-comment-empty\"><\/i> <span class=\"cspt-meta cspt-meta-comments\">0<\/span>\r\n\t\t\t\t<\/div>\r\n\t\t\t\t\t\t\t\t\r\n\t\t\t\t\t\t\t<\/div>\r\n\t\t\t<h3 class=\"cspt-post-title\"><a href=\"https:\/\/bridge4talents.de\/?p=74\">Consulting Project Prepare for a new job<\/a><\/h3>\r\n\t\t\t<div class=\"creativesplanet-box-desc\">\r\n\t\t\t\t<div class=\"creativesplanet-box-desc-text\">\r\n\t\t\t\t\tThere are full service engage company is to provide solution for employees needs training manage the entire HR department for companies. We offer comprehensive employment services such as assistance\t\t\t\t\t\r\n\t\t\t\t<\/div>\t\t\r\n\t\t\t\t<div class=\"cspt-read-more-link\"><a href=\"https:\/\/bridge4talents.de\/?p=74\" title=\"Consulting Project Prepare for a new job\"><span>Read More<\/span><\/a><\/div>\t\r\n\t\t\t<\/div>\r\n\t\t<\/div>\r\n\t<\/div>\r\n<\/article><\/div><div class=\"cspt-ele cspt-blog-ele col-md-4 leadership cspt-term-11\"><article class=\"creativesplanet-ele creativesplanet-ele-blog cspt-blogbox-style-1 post-75 post type-post status-publish format-standard has-post-thumbnail hentry category-leadership tag-business\">\r\n\t<div class=\"post-item\">\r\n\t\t<div class=\"cspt-featured-container\">\r\n\t\t\t<div class=\"cspt-featured-wrapper\"><a href=\"https:\/\/bridge4talents.de\/?p=75\"><img fetchpriority=\"high\" decoding=\"async\" width=\"770\" height=\"500\" src=\"https:\/\/bridge4talents.de\/wp-content\/uploads\/2020\/07\/img-01-770x500.jpg\" class=\"attachment-cspt-img-770x500 size-cspt-img-770x500 wp-post-image\" alt=\"\" data-id=\"58\" \/><\/a><\/div>\t\t\t<div class=\"cspt-meta-date\">10<span>Juni<\/span><\/div>\t \t\t\t\r\n\t\t<\/div>\r\n\t\t<div class=\"creativesplanet-box-content\">\t\r\n\t\t\t<div class=\"cspt-meta-container\">\r\n\t\t\t\t<div class=\"cspt-meta-author-wrapper cspt-meta-line\">\t\t\t\t\t\r\n\t\t\t\t\t<a href=\"https:\/\/bridge4talents.de\/?author=1\" title=\"Posted by admin\" rel=\"author\"><i class=\"cspt-base-icon-user-1\"><\/i> by admin<\/a>\r\n\t\t\t\t<\/div>\r\n\t\t\t\t<div class=\"cspt-meta-date-wrapper cspt-meta-line\">\t\t\t\t\t\r\n\t\t\t\t\t<div class=\"cspt-meta-category\"><i class=\"cspt-base-icon-folder-open-empty\"><\/i> <a href=\"https:\/\/bridge4talents.de\/?cat=11\" rel=\"category\">Leadership<\/a><\/div>\t\r\n\t\t\t\t<\/div>\t\t\t\t\r\n\t\t\t\t<div class=\"cspt-meta-date-wrapper cspt-meta-line\">\t\r\n\t\t\t\t\t<i class=\"cspt-base-icon-comment-empty\"><\/i> <span class=\"cspt-meta cspt-meta-comments\">0<\/span>\r\n\t\t\t\t<\/div>\r\n\t\t\t\t\t\t\t\t\r\n\t\t\t\t\t\t\t<\/div>\r\n\t\t\t<h3 class=\"cspt-post-title\"><a href=\"https:\/\/bridge4talents.de\/?p=75\">Building a new world for Your Business<\/a><\/h3>\r\n\t\t\t<div class=\"creativesplanet-box-desc\">\r\n\t\t\t\t<div class=\"creativesplanet-box-desc-text\">\r\n\t\t\t\t\tThere are full service engage company is to provide solution for employees needs training manage the entire HR department for companies. We offer comprehensive employment services such as assistance\t\t\t\t\t\r\n\t\t\t\t<\/div>\t\t\r\n\t\t\t\t<div class=\"cspt-read-more-link\"><a href=\"https:\/\/bridge4talents.de\/?p=75\" title=\"Building a new world for Your Business\"><span>Read More<\/span><\/a><\/div>\t\r\n\t\t\t<\/div>\r\n\t\t<\/div>\r\n\t<\/div>\r\n<\/article><\/div><div class=\"cspt-ele cspt-blog-ele col-md-4 franchising cspt-term-9\"><article class=\"creativesplanet-ele creativesplanet-ele-blog cspt-blogbox-style-1 post-76 post type-post status-publish format-standard has-post-thumbnail hentry category-franchising tag-technics\">\r\n\t<div class=\"post-item\">\r\n\t\t<div class=\"cspt-featured-container\">\r\n\t\t\t<div class=\"cspt-featured-wrapper\"><a href=\"https:\/\/bridge4talents.de\/?p=76\"><img fetchpriority=\"high\" decoding=\"async\" width=\"770\" height=\"500\" src=\"https:\/\/bridge4talents.de\/wp-content\/uploads\/2020\/07\/img-01-770x500.jpg\" class=\"attachment-cspt-img-770x500 size-cspt-img-770x500 wp-post-image\" alt=\"\" data-id=\"58\" \/><\/a><\/div>\t\t\t<div class=\"cspt-meta-date\">08<span>Mai<\/span><\/div>\t \t\t\t\r\n\t\t<\/div>\r\n\t\t<div class=\"creativesplanet-box-content\">\t\r\n\t\t\t<div class=\"cspt-meta-container\">\r\n\t\t\t\t<div class=\"cspt-meta-author-wrapper cspt-meta-line\">\t\t\t\t\t\r\n\t\t\t\t\t<a href=\"https:\/\/bridge4talents.de\/?author=1\" title=\"Posted by admin\" rel=\"author\"><i class=\"cspt-base-icon-user-1\"><\/i> by admin<\/a>\r\n\t\t\t\t<\/div>\r\n\t\t\t\t<div class=\"cspt-meta-date-wrapper cspt-meta-line\">\t\t\t\t\t\r\n\t\t\t\t\t<div class=\"cspt-meta-category\"><i class=\"cspt-base-icon-folder-open-empty\"><\/i> <a href=\"https:\/\/bridge4talents.de\/?cat=9\" rel=\"category\">Franchising<\/a><\/div>\t\r\n\t\t\t\t<\/div>\t\t\t\t\r\n\t\t\t\t<div class=\"cspt-meta-date-wrapper cspt-meta-line\">\t\r\n\t\t\t\t\t<i class=\"cspt-base-icon-comment-empty\"><\/i> <span class=\"cspt-meta cspt-meta-comments\">0<\/span>\r\n\t\t\t\t<\/div>\r\n\t\t\t\t\t\t\t\t\r\n\t\t\t\t\t\t\t<\/div>\r\n\t\t\t<h3 class=\"cspt-post-title\"><a href=\"https:\/\/bridge4talents.de\/?p=76\">Essential Skill of Capabilities Assessment<\/a><\/h3>\r\n\t\t\t<div class=\"creativesplanet-box-desc\">\r\n\t\t\t\t<div class=\"creativesplanet-box-desc-text\">\r\n\t\t\t\t\tThere are full service engage company is to provide solution for employees needs training manage the entire HR department for companies. We offer comprehensive employment services such as assistance\t\t\t\t\t\r\n\t\t\t\t<\/div>\t\t\r\n\t\t\t\t<div class=\"cspt-read-more-link\"><a href=\"https:\/\/bridge4talents.de\/?p=76\" title=\"Essential Skill of Capabilities Assessment\"><span>Read More<\/span><\/a><\/div>\t\r\n\t\t\t<\/div>\r\n\t\t<\/div>\r\n\t<\/div>\r\n<\/article><\/div>\r\n\t\t\t<\/div>\r\n\r\n\t\t\t\r\n\t\t\r\n\t\t<\/div><!-- .creativesplanet-element-inner -->   <\/div><!-- .creativesplanet-element -->  \r\n\t    \t\t<\/div>\n\t\t\t\t<\/div>\n\t\t\t\t\t<\/div>\n\t\t<\/div>\n\t\t\t\t\t<\/div>\n\t\t<\/div>\n\t\t\t\t<\/div>\n\t\t","protected":false},"excerpt":{"rendered":"<p>04Jul by admin Consultation 0 Best Service provides for Small Businesses There are full service engage company is to provide solution for employees needs&hellip; Read More 04Jul by admin Franchising 0 Guide to HR adviser and Clients lessening There are full service engage company is to provide solution for employees needs&hellip; Read More 04Jul by [&hellip;]<\/p>\n","protected":false},"author":1,"featured_media":0,"parent":0,"menu_order":24,"comment_status":"closed","ping_status":"closed","template":"","meta":{"_acf_changed":false,"footnotes":""},"class_list":["post-106","page","type-page","status-publish","hentry"],"acf":[],"_links":{"self":[{"href":"https:\/\/bridge4talents.de\/index.php?rest_route=\/wp\/v2\/pages\/106","targetHints":{"allow":["GET"]}}],"collection":[{"href":"https:\/\/bridge4talents.de\/index.php?rest_route=\/wp\/v2\/pages"}],"about":[{"href":"https:\/\/bridge4talents.de\/index.php?rest_route=\/wp\/v2\/types\/page"}],"author":[{"embeddable":true,"href":"https:\/\/bridge4talents.de\/index.php?rest_route=\/wp\/v2\/users\/1"}],"replies":[{"embeddable":true,"href":"https:\/\/bridge4talents.de\/index.php?rest_route=%2Fwp%2Fv2%2Fcomments&post=106"}],"version-history":[{"count":0,"href":"https:\/\/bridge4talents.de\/index.php?rest_route=\/wp\/v2\/pages\/106\/revisions"}],"wp:attachment":[{"href":"https:\/\/bridge4talents.de\/index.php?rest_route=%2Fwp%2Fv2%2Fmedia&parent=106"}],"curies":[{"name":"wp","href":"https:\/\/api.w.org\/{rel}","templated":true}]}}